{"id":13,"date":"2025-05-03T05:51:23","date_gmt":"2025-05-03T05:51:23","guid":{"rendered":"https:\/\/ideasworthwrestlingwith.com\/?page_id=13"},"modified":"2025-05-12T23:03:21","modified_gmt":"2025-05-13T03:03:21","slug":"home","status":"publish","type":"page","link":"https:\/\/ideasworthwrestlingwith.com\/es-co\/","title":{"rendered":"Inicio"},"content":{"rendered":"<div class=\"wp-block-cover alignfull\" style=\"min-height:1145px;aspect-ratio:unset;\"><img loading=\"lazy\" decoding=\"async\" width=\"1024\" height=\"1280\" class=\"wp-block-cover__image-background wp-image-17 size-full\" alt=\"\" src=\"https:\/\/ideasworthwrestlingwith.com\/wp-content\/uploads\/2025\/05\/wrestling_instagram.jpeg\" style=\"object-position:47% 50%\" data-object-fit=\"cover\" data-object-position=\"47% 50%\" srcset=\"https:\/\/ideasworthwrestlingwith.com\/wp-content\/uploads\/2025\/05\/wrestling_instagram.jpeg 1024w, https:\/\/ideasworthwrestlingwith.com\/wp-content\/uploads\/2025\/05\/wrestling_instagram-240x300.jpeg 240w, https:\/\/ideasworthwrestlingwith.com\/wp-content\/uploads\/2025\/05\/wrestling_instagram-819x1024.jpeg 819w, https:\/\/ideasworthwrestlingwith.com\/wp-content\/uploads\/2025\/05\/wrestling_instagram-768x960.jpeg 768w, https:\/\/ideasworthwrestlingwith.com\/wp-content\/uploads\/2025\/05\/wrestling_instagram-10x12.jpeg 10w\" sizes=\"auto, (max-width: 1024px) 100vw, 1024px\" \/><span aria-hidden=\"true\" class=\"wp-block-cover__background has-background-dim-20 has-background-dim\"><\/span><div class=\"wp-block-cover__inner-container is-layout-constrained wp-block-cover-is-layout-constrained\">\n<h1 class=\"wp-block-heading has-text-align-center title-font fade-in fade-delay-1\">Ideas Worth Wrestling With<\/h1>\n\n\n\n<p class=\"has-text-align-center subtitle-font fade-in fade-delay-2 has-ast-global-color-4-color has-text-color has-link-color has-large-font-size wp-elements-97931a71e456c528ed95ebe2e607deb5\"><code>Luchando con Dios, la duda, la doctrina y el amor<\/code><\/p>\n\n\n\n<p class=\"intro-blurb fade-in fade-delay-3 translation-block\">No necesitas tener todas las respuestas. Solo necesitas presentarte con las preguntas. Este es un espacio para quienes desean amar a Dios con todo su coraz\u00f3n\u2026 y con toda su mente. Soy Aaron Bean, y este sitio es un lugar donde convergen la teolog\u00eda reflexiva, las preguntas honestas y la claridad b\u00edblica.\n<br><em>Ya sea que est\u00e9s sumergido en el estudio o simplemente explorando d\u00f3nde se cruzan la fe y la raz\u00f3n, espero que aqu\u00ed encuentres algo que valga la pena luchar.<\/em><\/p>\n\n\n\n<div class=\"wp-block-buttons is-horizontal is-content-justification-center is-layout-flex wp-container-core-buttons-is-layout-03627597 wp-block-buttons-is-layout-flex\">\n<div class=\"wp-block-button cta-button\"><a class=\"wp-block-button__link wp-element-button\" href=\"\/es-co\/why-i-wrestle\/\">Con\u00f3ceme<\/a><\/div>\n\n\n\n<div class=\"wp-block-button cta-button\"><a class=\"wp-block-button__link wp-element-button\" href=\"\/es-co\/truth-grace-offense\/\"><code>Empieza Aqu\u00ed<\/code><\/a><\/div>\n<\/div>\n<\/div><\/div>\n\n\n<\/div>\n<\/div>\n<p><!-- \/wp:post-content --><\/p>","protected":false},"excerpt":{"rendered":"","protected":false},"author":1,"featured_media":0,"parent":0,"menu_order":0,"comment_status":"closed","ping_status":"closed","template":"","meta":{"site-sidebar-layout":"default","site-content-layout":"","ast-site-content-layout":"","site-content-style":"default","site-sidebar-style":"default","ast-global-header-display":"","ast-banner-title-visibility":"","ast-main-header-display":"","ast-hfb-above-header-display":"","ast-hfb-below-header-display":"","ast-hfb-mobile-header-display":"","site-post-title":"","ast-breadcrumbs-content":"","ast-featured-img":"","footer-sml-layout":"","theme-transparent-header-meta":"","adv-header-id-meta":"","stick-header-meta":"","header-above-stick-meta":"","header-main-stick-meta":"","header-below-stick-meta":"","astra-migrate-meta-layouts":"default","ast-page-background-enabled":"default","ast-page-background-meta":{"desktop":{"background-color":"var(--ast-global-color-5)","background-image":"","background-repeat":"repeat","background-position":"center center","background-size":"auto","background-attachment":"scroll","background-type":"","background-media":"","overlay-type":"","overlay-color":"","overlay-opacity":"","overlay-gradient":""},"tablet":{"background-color":"","background-image":"","background-repeat":"repeat","background-position":"center center","background-size":"auto","background-attachment":"scroll","background-type":"","background-media":"","overlay-type":"","overlay-color":"","overlay-opacity":"","overlay-gradient":""},"mobile":{"background-color":"","background-image":"","background-repeat":"repeat","background-position":"center center","background-size":"auto","background-attachment":"scroll","background-type":"","background-media":"","overlay-type":"","overlay-color":"","overlay-opacity":"","overlay-gradient":""}},"ast-content-background-meta":{"desktop":{"background-color":"var(--ast-global-color-4)","background-image":"","background-repeat":"repeat","background-position":"center center","background-size":"auto","background-attachment":"scroll","background-type":"","background-media":"","overlay-type":"","overlay-color":"","overlay-opacity":"","overlay-gradient":""},"tablet":{"background-color":"var(--ast-global-color-4)","background-image":"","background-repeat":"repeat","background-position":"center center","background-size":"auto","background-attachment":"scroll","background-type":"","background-media":"","overlay-type":"","overlay-color":"","overlay-opacity":"","overlay-gradient":""},"mobile":{"background-color":"var(--ast-global-color-4)","background-image":"","background-repeat":"repeat","background-position":"center center","background-size":"auto","background-attachment":"scroll","background-type":"","background-media":"","overlay-type":"","overlay-color":"","overlay-opacity":"","overlay-gradient":""}},"footnotes":""},"class_list":["post-13","page","type-page","status-publish","hentry"],"_links":{"self":[{"href":"https:\/\/ideasworthwrestlingwith.com\/es-co\/wp-json\/wp\/v2\/pages\/13","targetHints":{"allow":["GET"]}}],"collection":[{"href":"https:\/\/ideasworthwrestlingwith.com\/es-co\/wp-json\/wp\/v2\/pages"}],"about":[{"href":"https:\/\/ideasworthwrestlingwith.com\/es-co\/wp-json\/wp\/v2\/types\/page"}],"author":[{"embeddable":true,"href":"https:\/\/ideasworthwrestlingwith.com\/es-co\/wp-json\/wp\/v2\/users\/1"}],"replies":[{"embeddable":true,"href":"https:\/\/ideasworthwrestlingwith.com\/es-co\/wp-json\/wp\/v2\/comments?post=13"}],"version-history":[{"count":31,"href":"https:\/\/ideasworthwrestlingwith.com\/es-co\/wp-json\/wp\/v2\/pages\/13\/revisions"}],"predecessor-version":[{"id":387,"href":"https:\/\/ideasworthwrestlingwith.com\/es-co\/wp-json\/wp\/v2\/pages\/13\/revisions\/387"}],"wp:attachment":[{"href":"https:\/\/ideasworthwrestlingwith.com\/es-co\/wp-json\/wp\/v2\/media?parent=13"}],"curies":[{"name":"wp","href":"https:\/\/api.w.org\/{rel}","templated":true}]}}