{"id":99,"date":"2025-05-03T23:02:28","date_gmt":"2025-05-03T23:02:28","guid":{"rendered":"https:\/\/ideasworthwrestlingwith.com\/?page_id=99"},"modified":"2025-05-15T17:38:11","modified_gmt":"2025-05-15T21:38:11","slug":"why-i-wrestle","status":"publish","type":"page","link":"https:\/\/ideasworthwrestlingwith.com\/es-co\/why-i-wrestle\/","title":{"rendered":"Por Qu\u00e9 Lucho"},"content":{"rendered":"<div class=\"wp-block-cover\"><img loading=\"lazy\" decoding=\"async\" width=\"1024\" height=\"740\" class=\"wp-block-cover__image-background wp-image-98 size-large\" alt=\"Open Bible with a highlighter and notes beside \u201cIn Quest of the Historical Adam\u201d by William Lane Craig\" src=\"http:\/\/ideasworthwrestlingwith.com\/wp-content\/uploads\/2025\/05\/final_cropped_study_image_rotated-1024x740.jpeg\" style=\"object-position:23% 16%\" data-object-fit=\"cover\" data-object-position=\"23% 16%\" srcset=\"https:\/\/ideasworthwrestlingwith.com\/wp-content\/uploads\/2025\/05\/final_cropped_study_image_rotated-1024x740.jpeg 1024w, https:\/\/ideasworthwrestlingwith.com\/wp-content\/uploads\/2025\/05\/final_cropped_study_image_rotated-300x217.jpeg 300w, https:\/\/ideasworthwrestlingwith.com\/wp-content\/uploads\/2025\/05\/final_cropped_study_image_rotated-768x555.jpeg 768w, https:\/\/ideasworthwrestlingwith.com\/wp-content\/uploads\/2025\/05\/final_cropped_study_image_rotated-1536x1110.jpeg 1536w, https:\/\/ideasworthwrestlingwith.com\/wp-content\/uploads\/2025\/05\/final_cropped_study_image_rotated-18x12.jpeg 18w, https:\/\/ideasworthwrestlingwith.com\/wp-content\/uploads\/2025\/05\/final_cropped_study_image_rotated.jpeg 1848w\" sizes=\"auto, (max-width: 1024px) 100vw, 1024px\" \/><span aria-hidden=\"true\" class=\"wp-block-cover__background has-black-background-color has-background-dim-70 has-background-dim\"><\/span><div class=\"wp-block-cover__inner-container is-layout-constrained wp-block-cover-is-layout-constrained\">\n<h1 class=\"wp-block-heading has-text-align-center title-font fade-in fade-delay-1 has-large-font-size\"><em>Por Qu\u00e9 Lucho<\/em><\/h1>\n<\/div><\/div>\n\n\n\n<p class=\"has-text-align-center intro-blurb fade-in fade-delay-1 light-bg\"><strong><p><strong>Porque las ideas importan. Y algunas valen la pena sangrar por ellas.<\/strong><\/p><\/strong><\/p>\n\n\n\n<p class=\"has-text-align-center translation-block\"><p>Vivimos en un mundo lleno de ruido. Opiniones fuertes. Titulares polarizantes. Perspectivas superficiales.<br>\nPero debajo de todo ese volumen, hay un anhelo m\u00e1s profundo: un deseo por algo real, verdadero e inquebrantable.<br>\nCreo que el Evangelio de Jesucristo ofrece eso. Pero muchas veces, se necesita <em>luchar<\/em> para verlo con claridad.<\/p><\/p>\n\n\n\n<p class=\"has-text-align-center intro-blurb fade-in fade-delay-2 light-bg\"><p>Por eso existe este espacio.<\/p><\/p>\n\n\n\n<h2 class=\"wp-block-heading has-text-align-center intro-blurb fade-in fade-delay-3 light-bg\"><h2>\u00bfQu\u00e9 es \u201cIdeas Worth Wrestling With\u201d?<\/h2><\/h2>\n\n\n\n<p class=\"has-text-align-center intro-blurb fade-in fade-delay-4 light-bg translation-block\"><p>Es un espacio para buscadores y pensadores. Para creyentes, esc\u00e9pticos y los que est\u00e1n atrapados entre ambos.<br>\nEs un lugar donde puedes traer tus preguntas, tus dudas, tu intelecto, tu pasi\u00f3n\u2014y descubrir que la fe no te pide dejar nada de eso en la puerta.<br>\nEs un lugar donde luchamos bien: con las Escrituras, con la cultura, con la filosof\u00eda, con nosotros mismos.<\/p><\/p>\n\n\n\n<h3 class=\"wp-block-heading has-text-align-center\"><h3>Declaraci\u00f3n de Misi\u00f3n:<\/h3><\/h3>\n\n\n\n<blockquote class=\"wp-block-quote is-layout-flow wp-block-quote-is-layout-flow\">\n<p class=\"has-text-align-center\"><em><blockquote>\n<p><em>Ideas Worth Wrestling With existe para ayudar a las personas a pensar con profundidad y amar con valent\u00eda\u2014equip\u00e1ndolas para perseguir la verdad con gracia, y caminar por la duda, la complejidad y la convicci\u00f3n con Jes\u00fas en el centro.<\/em><\/p>\n<\/blockquote><\/em><\/p>\n<\/blockquote>\n\n\n\n<p class=\"has-text-align-center translation-block\"><p>Lo hacemos a trav\u00e9s de:<br>Escritura b\u00edblicamente fundamentada,\u00a0Teolog\u00eda reflexiva, Herramientas de discipulado guiadas por el Esp\u00edritu, y Conversaciones abiertas y sinceras<\/p><\/p>\n\n\n\n<p class=\"has-text-align-center translation-block\"><p><strong>Esto no se trata de tener la opini\u00f3n m\u00e1s ruidosa.<\/strong><br>\nSe trata de ser fieles\u2014a Dios, a las personas y a la verdad que libera.<\/p><\/p>\n\n\n\n<h2 class=\"wp-block-heading has-text-align-center\"><h2>\u00bfPor qu\u00e9 yo? \u00bfPor qu\u00e9 luchar?<\/h2><\/h2>\n\n\n\n<p class=\"has-text-align-center\"><p>Porque esta tambi\u00e9n es mi historia.<\/p><\/p>\n\n\n\n<p class=\"has-text-align-center translation-block\"><p>Soy Aaron Bean\u2014un protector por naturaleza, un pensador por llamado y un disc\u00edpulo en proceso.<br>\nPas\u00e9 a\u00f1os trabajando como operador del 911, entrenado para entrar en el caos y servir a otros en sus peores momentos. Ese mismo esp\u00edritu ahora me mueve a luchar en una batalla diferente: la batalla por la verdad en un mundo confundido.<\/p><\/p>\n\n\n\n<p class=\"has-text-align-center translation-block\"><p>He estado parado frente a otros, espada en mano, cortando las mentiras que ven\u00edan contra ellos.<br>\nPero durante gran parte de mi vida, dej\u00e9 que el enemigo torciera lo que era verdad\u2014hasta que empec\u00e9 a creer cosas que Dios nunca dijo sobre m\u00ed.<br>\nPermit\u00ed que la verg\u00fcenza hablara demasiado fuerte.<br>\nDej\u00e9 de levantar mi escudo.<br>\n<strong>Pero Dios\u2026<\/strong><\/p><\/p>\n\n\n\n<p class=\"has-text-align-center translation-block\"><p>\u00c9l comenz\u00f3 a ense\u00f1arme a luchar por m\u00ed mismo de la misma manera en que luchaba por los dem\u00e1s.<br>\nA luchar no solo con ideas\u2014sino con identidad, valor y gracia.<br>\nA dejar de agachar la cabeza.<br>\nA levantarme.<br>\nY a decir: <em>\u201cHoy no, enemigo.\u201d<\/em><\/p><\/p>\n\n\n\n<p class=\"has-text-align-center translation-block\"><p>Este sitio no es una plataforma\u2014es una forja.<br>\nUn lugar donde la verdad se martilla, y la gracia suaviza el acero.<br>\nDonde comparto lo que estoy aprendiendo, no porque ya haya llegado, sino porque tambi\u00e9n estoy siendo moldeado.<\/p><\/p>\n\n\n\n<h2 class=\"wp-block-heading has-text-align-center\"><h2>Hacia d\u00f3nde va esto<\/h2><\/h2>\n\n\n\n<h3 class=\"wp-block-heading has-text-align-center\"><h3>Declaraci\u00f3n de Visi\u00f3n:<\/h3><\/h3>\n\n\n\n<p class=\"has-text-align-center translation-block\"><blockquote>\n<p><em>Imaginamos un mundo donde las personas ya no teman la duda o la complejidad\u2014sino que las enfrenten con valent\u00eda, convicci\u00f3n y Cristo en el centro.<\/em><br>\n<em>Vemos a pensadores convertirse en adoradores. A esc\u00e9pticos transformarse en disc\u00edpulos. Y a creyentes cotidianos aprender a empu\u00f1ar la verdad como una espada\u2014no para herir, sino para liberar.<\/em><\/p>\n<\/blockquote><\/p>\n\n\n\n<p class=\"has-text-align-center translation-block\"><p><strong>Esto no se trata de construir un nombre.<br>\nSe trata de ser fieles al Suyo.<\/strong><\/p><\/p>\n\n\n\n<p class=\"has-text-align-center translation-block\"><p>Y si tan solo una persona se va con una fe m\u00e1s profunda, una mente m\u00e1s clara y un coraz\u00f3n m\u00e1s abierto\u2014<br>\nentonces habr\u00e1 valido la pena luchar.<\/p><\/p>\n\n\n\n<div class=\"wp-block-buttons is-content-justification-center is-layout-flex wp-container-core-buttons-is-layout-a89b3969 wp-block-buttons-is-layout-flex\">\n<div class=\"wp-block-button cta-button\"><a class=\"wp-block-button__link wp-element-button\" href=\"\/es-co\/truth-grace-offense\/\"><code>La base<\/code><\/a><\/div>\n\n\n\n<div class=\"wp-block-button cta-button\"><a class=\"wp-block-button__link wp-element-button\" href=\"\/es-co\/blog\/\">Ver todos los art\u00edculos<code> \u2192<\/code><\/a><\/div>\n<\/div>\n\n\n\n<p><\/p>","protected":false},"excerpt":{"rendered":"<p>Because ideas matter. And some are worth bleeding for. We live in a world full of noise. Loud opinions. Polarizing [&hellip;]<\/p>\n","protected":false},"author":1,"featured_media":0,"parent":0,"menu_order":0,"comment_status":"closed","ping_status":"closed","template":"","meta":{"site-sidebar-layout":"default","site-content-layout":"","ast-site-content-layout":"","site-content-style":"default","site-sidebar-style":"default","ast-global-header-display":"","ast-banner-title-visibility":"","ast-main-header-display":"","ast-hfb-above-header-display":"","ast-hfb-below-header-display":"","ast-hfb-mobile-header-display":"","site-post-title":"","ast-breadcrumbs-content":"","ast-featured-img":"","footer-sml-layout":"","theme-transparent-header-meta":"","adv-header-id-meta":"","stick-header-meta":"","header-above-stick-meta":"","header-main-stick-meta":"","header-below-stick-meta":"","astra-migrate-meta-layouts":"default","ast-page-background-enabled":"default","ast-page-background-meta":{"desktop":{"background-color":"var(--ast-global-color-5)","background-image":"","background-repeat":"repeat","background-position":"center center","background-size":"auto","background-attachment":"scroll","background-type":"","background-media":"","overlay-type":"","overlay-color":"","overlay-opacity":"","overlay-gradient":""},"tablet":{"background-color":"","background-image":"","background-repeat":"repeat","background-position":"center center","background-size":"auto","background-attachment":"scroll","background-type":"","background-media":"","overlay-type":"","overlay-color":"","overlay-opacity":"","overlay-gradient":""},"mobile":{"background-color":"","background-image":"","background-repeat":"repeat","background-position":"center center","background-size":"auto","background-attachment":"scroll","background-type":"","background-media":"","overlay-type":"","overlay-color":"","overlay-opacity":"","overlay-gradient":""}},"ast-content-background-meta":{"desktop":{"background-color":"var(--ast-global-color-4)","background-image":"","background-repeat":"repeat","background-position":"center center","background-size":"auto","background-attachment":"scroll","background-type":"","background-media":"","overlay-type":"","overlay-color":"","overlay-opacity":"","overlay-gradient":""},"tablet":{"background-color":"var(--ast-global-color-4)","background-image":"","background-repeat":"repeat","background-position":"center center","background-size":"auto","background-attachment":"scroll","background-type":"","background-media":"","overlay-type":"","overlay-color":"","overlay-opacity":"","overlay-gradient":""},"mobile":{"background-color":"var(--ast-global-color-4)","background-image":"","background-repeat":"repeat","background-position":"center center","background-size":"auto","background-attachment":"scroll","background-type":"","background-media":"","overlay-type":"","overlay-color":"","overlay-opacity":"","overlay-gradient":""}},"footnotes":""},"class_list":["post-99","page","type-page","status-publish","hentry"],"_links":{"self":[{"href":"https:\/\/ideasworthwrestlingwith.com\/es-co\/wp-json\/wp\/v2\/pages\/99","targetHints":{"allow":["GET"]}}],"collection":[{"href":"https:\/\/ideasworthwrestlingwith.com\/es-co\/wp-json\/wp\/v2\/pages"}],"about":[{"href":"https:\/\/ideasworthwrestlingwith.com\/es-co\/wp-json\/wp\/v2\/types\/page"}],"author":[{"embeddable":true,"href":"https:\/\/ideasworthwrestlingwith.com\/es-co\/wp-json\/wp\/v2\/users\/1"}],"replies":[{"embeddable":true,"href":"https:\/\/ideasworthwrestlingwith.com\/es-co\/wp-json\/wp\/v2\/comments?post=99"}],"version-history":[{"count":19,"href":"https:\/\/ideasworthwrestlingwith.com\/es-co\/wp-json\/wp\/v2\/pages\/99\/revisions"}],"predecessor-version":[{"id":401,"href":"https:\/\/ideasworthwrestlingwith.com\/es-co\/wp-json\/wp\/v2\/pages\/99\/revisions\/401"}],"wp:attachment":[{"href":"https:\/\/ideasworthwrestlingwith.com\/es-co\/wp-json\/wp\/v2\/media?parent=99"}],"curies":[{"name":"wp","href":"https:\/\/api.w.org\/{rel}","templated":true}]}}